{"id":46,"date":"2021-10-06T14:59:22","date_gmt":"2021-10-06T12:59:22","guid":{"rendered":"http:\/\/localhost\/kaufhaus-goerlitz.eu\/pl\/?page_id=46"},"modified":"2022-06-29T10:55:40","modified_gmt":"2022-06-29T08:55:40","slug":"kontakt","status":"publish","type":"page","link":"https:\/\/kaufhaus-goerlitz.eu\/pl\/kontakt\/","title":{"rendered":"Kontakt"},"content":{"rendered":"\n<p><strong>Praca i kariera<\/strong><\/p>\n\n\n\n<p>Cieszymy sie bardzo, \u017ce zainteresowa\u0142a Pa\u0144twa mo\u017cliwo\u015b\u0107 pracy w Kaufhaus G\u00f6rlitz. D\u0105\u017cymy do tego, by przywr\u00f3ci\u0107 ten pi\u0119kny budynek ponownie do \u017cycia i zape\u0142ni\u0107 nowymi rozwi\u0105zaniami.&nbsp; Aktualnie staramy si\u0119 u\u015bwietni\u0107 jego wygl\u0105d oraz pozyska\u0107 najemc\u00f3w powierzchni handlowej. Tym samym zostanie po\u0142o\u017cony kamie\u0144 w\u0119gielny pod stworzenie ciekawych mo\u017cliwo\u015bci zatrudnienia i pracy w jedynej w swoim rodzaju atmosferze.<\/p>\n\n\n\n<p>W momencie zako\u0144czenia fazy planowania, zostaniecie Pa\u0144stwo poinformowani poprzez media o mo\u017cliwo\u015bciach zatrudnienia w domu handlowym w G\u00f6rlitz. Niezale\u017cnie od tego prosimy o &nbsp;\u015bledzenie aktualnych informacji na naszej stronie internetowej.<\/p>\n\n\n\n<p>Serdecznie dzi\u0119kujemy,<\/p>\n\n\n\n<p>Team Kaufhaus G\u00f6rlitz<\/p>\n\n\n\n<p><strong>Ina Stephan<\/strong><br>Kaufhaus G\u00f6rlitz<br>An der Frauenkirche 5 \u2013 7<br>02826 G\u00f6rlitz<br><a href=\"mailto:info@kaufhaus-goerlitz.eu\">info@kaufhaus-goerlitz.eu<\/a><br>+49 (0)3581 7640545<\/p>\n\n\n\n<p><\/p>\n\n\n\n<p><\/p>\n\n\n\n<p><\/p>\n\n\n\n<p><\/p>\n\n\n\n<p><\/p>\n\n\n\n<p><\/p>\n\n\n\n<p><\/p>\n\n\n\n<p><\/p>\n\n\n\n<h2 class=\"wp-block-heading\"><\/h2>\n","protected":false},"excerpt":{"rendered":"<p>Praca i kariera Cieszymy sie bardzo, \u017ce zainteresowa\u0142a Pa\u0144twa mo\u017cliwo\u015b\u0107 pracy w Kaufhaus G\u00f6rlitz. D\u0105\u017cymy do tego, by przywr\u00f3ci\u0107 ten pi\u0119kny budynek ponownie do \u017cycia i zape\u0142ni\u0107 nowymi rozwi\u0105zaniami.&nbsp; Aktualnie staramy si\u0119 u\u015bwietni\u0107 jego wygl\u0105d oraz pozyska\u0107 najemc\u00f3w powierzchni handlowej. Tym samym zostanie po\u0142o\u017cony kamie\u0144 w\u0119gielny pod stworzenie ciekawych mo\u017cliwo\u015bci zatrudnienia i pracy w jedynej [&hellip;]<\/p>\n","protected":false},"author":5,"featured_media":0,"parent":0,"menu_order":0,"comment_status":"closed","ping_status":"closed","template":"","meta":{"ocean_post_layout":"right-sidebar","ocean_both_sidebars_style":"","ocean_both_sidebars_content_width":0,"ocean_both_sidebars_sidebars_width":0,"ocean_sidebar":"sidebar","ocean_second_sidebar":"0","ocean_disable_margins":"enable","ocean_add_body_class":"","ocean_shortcode_before_top_bar":"","ocean_shortcode_after_top_bar":"","ocean_shortcode_before_header":"","ocean_shortcode_after_header":"","ocean_has_shortcode":"","ocean_shortcode_after_title":"","ocean_shortcode_before_footer_widgets":"","ocean_shortcode_after_footer_widgets":"","ocean_shortcode_before_footer_bottom":"","ocean_shortcode_after_footer_bottom":"","ocean_display_top_bar":"default","ocean_display_header":"default","ocean_header_style":"","ocean_center_header_left_menu":"0","ocean_custom_header_template":"0","ocean_custom_logo":0,"ocean_custom_retina_logo":0,"ocean_custom_logo_max_width":0,"ocean_custom_logo_tablet_max_width":0,"ocean_custom_logo_mobile_max_width":0,"ocean_custom_logo_max_height":0,"ocean_custom_logo_tablet_max_height":0,"ocean_custom_logo_mobile_max_height":0,"ocean_header_custom_menu":"0","ocean_menu_typo_font_family":"0","ocean_menu_typo_font_subset":"","ocean_menu_typo_font_size":0,"ocean_menu_typo_font_size_tablet":0,"ocean_menu_typo_font_size_mobile":0,"ocean_menu_typo_font_size_unit":"px","ocean_menu_typo_font_weight":"","ocean_menu_typo_font_weight_tablet":"","ocean_menu_typo_font_weight_mobile":"","ocean_menu_typo_transform":"","ocean_menu_typo_transform_tablet":"","ocean_menu_typo_transform_mobile":"","ocean_menu_typo_line_height":0,"ocean_menu_typo_line_height_tablet":0,"ocean_menu_typo_line_height_mobile":0,"ocean_menu_typo_line_height_unit":"","ocean_menu_typo_spacing":0,"ocean_menu_typo_spacing_tablet":0,"ocean_menu_typo_spacing_mobile":0,"ocean_menu_typo_spacing_unit":"","ocean_menu_link_color":"","ocean_menu_link_color_hover":"","ocean_menu_link_color_active":"","ocean_menu_link_background":"","ocean_menu_link_hover_background":"","ocean_menu_link_active_background":"","ocean_menu_social_links_bg":"","ocean_menu_social_hover_links_bg":"","ocean_menu_social_links_color":"","ocean_menu_social_hover_links_color":"","ocean_disable_title":"default","ocean_disable_heading":"default","ocean_post_title":"","ocean_post_subheading":"","ocean_post_title_style":"","ocean_post_title_background_color":"","ocean_post_title_background":0,"ocean_post_title_bg_image_position":"","ocean_post_title_bg_image_attachment":"","ocean_post_title_bg_image_repeat":"","ocean_post_title_bg_image_size":"","ocean_post_title_height":0,"ocean_post_title_bg_overlay":0.5,"ocean_post_title_bg_overlay_color":"","ocean_disable_breadcrumbs":"default","ocean_breadcrumbs_color":"","ocean_breadcrumbs_separator_color":"","ocean_breadcrumbs_links_color":"","ocean_breadcrumbs_links_hover_color":"","ocean_display_footer_widgets":"default","ocean_display_footer_bottom":"default","ocean_custom_footer_template":"0","footnotes":""},"class_list":["post-46","page","type-page","status-publish","hentry","entry"],"_links":{"self":[{"href":"https:\/\/kaufhaus-goerlitz.eu\/pl\/wp-json\/wp\/v2\/pages\/46","targetHints":{"allow":["GET"]}}],"collection":[{"href":"https:\/\/kaufhaus-goerlitz.eu\/pl\/wp-json\/wp\/v2\/pages"}],"about":[{"href":"https:\/\/kaufhaus-goerlitz.eu\/pl\/wp-json\/wp\/v2\/types\/page"}],"author":[{"embeddable":true,"href":"https:\/\/kaufhaus-goerlitz.eu\/pl\/wp-json\/wp\/v2\/users\/5"}],"replies":[{"embeddable":true,"href":"https:\/\/kaufhaus-goerlitz.eu\/pl\/wp-json\/wp\/v2\/comments?post=46"}],"version-history":[{"count":5,"href":"https:\/\/kaufhaus-goerlitz.eu\/pl\/wp-json\/wp\/v2\/pages\/46\/revisions"}],"predecessor-version":[{"id":198,"href":"https:\/\/kaufhaus-goerlitz.eu\/pl\/wp-json\/wp\/v2\/pages\/46\/revisions\/198"}],"wp:attachment":[{"href":"https:\/\/kaufhaus-goerlitz.eu\/pl\/wp-json\/wp\/v2\/media?parent=46"}],"curies":[{"name":"wp","href":"https:\/\/api.w.org\/{rel}","templated":true}]}}