{"id":43,"date":"2021-10-06T14:59:12","date_gmt":"2021-10-06T12:59:12","guid":{"rendered":"http:\/\/localhost\/kaufhaus-goerlitz.eu\/pl\/?page_id=43"},"modified":"2022-11-22T15:30:50","modified_gmt":"2022-11-22T14:30:50","slug":"prace-budowlane","status":"publish","type":"page","link":"https:\/\/kaufhaus-goerlitz.eu\/pl\/prace-budowlane\/","title":{"rendered":"Prace budowlane"},"content":{"rendered":"\n<p><strong>\u0141u\u017cycki &nbsp;klejnot \u2013 dom handlowy &nbsp;zn\u00f3w &nbsp;rozb\u0142y\u015bnie<\/strong><\/p>\n\n\n\n<p><\/p>\n\n\n\n<div class=\"wp-block-image\"><figure class=\"alignright size-full\"><img loading=\"lazy\" decoding=\"async\" width=\"600\" height=\"432\" src=\"https:\/\/kaufhaus-goerlitz.eu\/pl\/wp-content\/uploads\/sites\/5\/2022\/11\/csm_baubericht-01_02_ba79a62515.jpg\" alt=\"\" class=\"wp-image-213\" srcset=\"https:\/\/kaufhaus-goerlitz.eu\/pl\/wp-content\/uploads\/sites\/5\/2022\/11\/csm_baubericht-01_02_ba79a62515.jpg 600w, https:\/\/kaufhaus-goerlitz.eu\/pl\/wp-content\/uploads\/sites\/5\/2022\/11\/csm_baubericht-01_02_ba79a62515-300x216.jpg 300w\" sizes=\"auto, (max-width: 600px) 100vw, 600px\" \/><\/figure><\/div>\n\n\n\n<p>Zostan\u0105 zainstalowane najnowsze urz\u0105dzenia techniczne oraz nowoczesne rozwi\u0105zania grzewcze. Obiekt otrzyma najnowsz\u0105 izolacj\u0119,<\/p>\n\n\n\n<p>zostan\u0105 odkryte okna,&nbsp; zainstalowane nowe windy, sklepienie zostanie na nowo odrestaurowane, pod\u0142ogi b\u0119d\u0105 pokryte naturalnymi materia\u0142ami.&nbsp; Opr\u00f3cz renowacji, prowadzone s\u0105 inne czynno\u015bci,&nbsp; zwi\u0105zane z dalsz\u0105 rozbudow\u0105, min. planowana jest budowa podziemnego parkingu.<\/p>\n","protected":false},"excerpt":{"rendered":"<p>\u0141u\u017cycki &nbsp;klejnot \u2013 dom handlowy &nbsp;zn\u00f3w &nbsp;rozb\u0142y\u015bnie Zostan\u0105 zainstalowane najnowsze urz\u0105dzenia techniczne oraz nowoczesne rozwi\u0105zania grzewcze. Obiekt otrzyma najnowsz\u0105 izolacj\u0119, zostan\u0105 odkryte okna,&nbsp; zainstalowane nowe windy, sklepienie zostanie na nowo odrestaurowane, pod\u0142ogi b\u0119d\u0105 pokryte naturalnymi materia\u0142ami.&nbsp; Opr\u00f3cz renowacji, prowadzone s\u0105 inne czynno\u015bci,&nbsp; zwi\u0105zane z dalsz\u0105 rozbudow\u0105, min. planowana jest budowa podziemnego parkingu.<\/p>\n","protected":false},"author":5,"featured_media":0,"parent":0,"menu_order":0,"comment_status":"closed","ping_status":"closed","template":"","meta":{"ocean_post_layout":"right-sidebar","ocean_both_sidebars_style":"","ocean_both_sidebars_content_width":0,"ocean_both_sidebars_sidebars_width":0,"ocean_sidebar":"0","ocean_second_sidebar":"0","ocean_disable_margins":"enable","ocean_add_body_class":"","ocean_shortcode_before_top_bar":"","ocean_shortcode_after_top_bar":"","ocean_shortcode_before_header":"","ocean_shortcode_after_header":"","ocean_has_shortcode":"","ocean_shortcode_after_title":"","ocean_shortcode_before_footer_widgets":"","ocean_shortcode_after_footer_widgets":"","ocean_shortcode_before_footer_bottom":"","ocean_shortcode_after_footer_bottom":"","ocean_display_top_bar":"default","ocean_display_header":"default","ocean_header_style":"","ocean_center_header_left_menu":"0","ocean_custom_header_template":"0","ocean_custom_logo":0,"ocean_custom_retina_logo":0,"ocean_custom_logo_max_width":0,"ocean_custom_logo_tablet_max_width":0,"ocean_custom_logo_mobile_max_width":0,"ocean_custom_logo_max_height":0,"ocean_custom_logo_tablet_max_height":0,"ocean_custom_logo_mobile_max_height":0,"ocean_header_custom_menu":"0","ocean_menu_typo_font_family":"0","ocean_menu_typo_font_subset":"","ocean_menu_typo_font_size":0,"ocean_menu_typo_font_size_tablet":0,"ocean_menu_typo_font_size_mobile":0,"ocean_menu_typo_font_size_unit":"px","ocean_menu_typo_font_weight":"","ocean_menu_typo_font_weight_tablet":"","ocean_menu_typo_font_weight_mobile":"","ocean_menu_typo_transform":"","ocean_menu_typo_transform_tablet":"","ocean_menu_typo_transform_mobile":"","ocean_menu_typo_line_height":0,"ocean_menu_typo_line_height_tablet":0,"ocean_menu_typo_line_height_mobile":0,"ocean_menu_typo_line_height_unit":"","ocean_menu_typo_spacing":0,"ocean_menu_typo_spacing_tablet":0,"ocean_menu_typo_spacing_mobile":0,"ocean_menu_typo_spacing_unit":"","ocean_menu_link_color":"","ocean_menu_link_color_hover":"","ocean_menu_link_color_active":"","ocean_menu_link_background":"","ocean_menu_link_hover_background":"","ocean_menu_link_active_background":"","ocean_menu_social_links_bg":"","ocean_menu_social_hover_links_bg":"","ocean_menu_social_links_color":"","ocean_menu_social_hover_links_color":"","ocean_disable_title":"default","ocean_disable_heading":"default","ocean_post_title":"","ocean_post_subheading":"","ocean_post_title_style":"","ocean_post_title_background_color":"","ocean_post_title_background":0,"ocean_post_title_bg_image_position":"","ocean_post_title_bg_image_attachment":"","ocean_post_title_bg_image_repeat":"","ocean_post_title_bg_image_size":"","ocean_post_title_height":0,"ocean_post_title_bg_overlay":0.5,"ocean_post_title_bg_overlay_color":"","ocean_disable_breadcrumbs":"default","ocean_breadcrumbs_color":"","ocean_breadcrumbs_separator_color":"","ocean_breadcrumbs_links_color":"","ocean_breadcrumbs_links_hover_color":"","ocean_display_footer_widgets":"default","ocean_display_footer_bottom":"default","ocean_custom_footer_template":"0","footnotes":""},"class_list":["post-43","page","type-page","status-publish","hentry","entry"],"_links":{"self":[{"href":"https:\/\/kaufhaus-goerlitz.eu\/pl\/wp-json\/wp\/v2\/pages\/43","targetHints":{"allow":["GET"]}}],"collection":[{"href":"https:\/\/kaufhaus-goerlitz.eu\/pl\/wp-json\/wp\/v2\/pages"}],"about":[{"href":"https:\/\/kaufhaus-goerlitz.eu\/pl\/wp-json\/wp\/v2\/types\/page"}],"author":[{"embeddable":true,"href":"https:\/\/kaufhaus-goerlitz.eu\/pl\/wp-json\/wp\/v2\/users\/5"}],"replies":[{"embeddable":true,"href":"https:\/\/kaufhaus-goerlitz.eu\/pl\/wp-json\/wp\/v2\/comments?post=43"}],"version-history":[{"count":5,"href":"https:\/\/kaufhaus-goerlitz.eu\/pl\/wp-json\/wp\/v2\/pages\/43\/revisions"}],"predecessor-version":[{"id":214,"href":"https:\/\/kaufhaus-goerlitz.eu\/pl\/wp-json\/wp\/v2\/pages\/43\/revisions\/214"}],"wp:attachment":[{"href":"https:\/\/kaufhaus-goerlitz.eu\/pl\/wp-json\/wp\/v2\/media?parent=43"}],"curies":[{"name":"wp","href":"https:\/\/api.w.org\/{rel}","templated":true}]}}