{"id":37,"date":"2021-10-06T14:58:41","date_gmt":"2021-10-06T12:58:41","guid":{"rendered":"http:\/\/localhost\/kaufhaus-goerlitz.eu\/pl\/?page_id=37"},"modified":"2022-11-22T15:26:26","modified_gmt":"2022-11-22T14:26:26","slug":"wynajem","status":"publish","type":"page","link":"https:\/\/kaufhaus-goerlitz.eu\/pl\/wynajem\/","title":{"rendered":"Wynajem"},"content":{"rendered":"\n<p><strong>Nowy&nbsp;<\/strong><strong>dom handlowy-skorzystajcie z okazji i otw\u00f3rzcie swoje w\u0142asne stoisko handlowe<\/strong><strong>&nbsp;w G\u00f6rlitz<\/strong><\/p>\n\n\n\n<p>Na terenie wschodniej Saksonii, w samym sercu miasta G\u00f6rlitz, znajduje si\u0119 jeden z najpi\u0119kniejszych dom\u00f3w towarowych na \u015bwiecie. Zosta\u0142 zbudowany przed stu laty na wz\u00f3r \u00f3wczesnego s\u0142ynnego domu handlowego \u201eWertheim\u201c w Berlinie. Przez ca\u0142e lata stanowi\u0142 chlub\u0119 miasta G\u00f6rlitz urzekaj\u0105c swym urokiem&nbsp; ca\u0142y \u015alask a\u017c po Czechy. &nbsp;Wysokie obroty a\u017c do ko\u0144ca nie uchroni\u0142y domu towarowego od jego zamkni\u0119cia, a zarz\u0105dzaj\u0105c\u0105 nim firm\u0119 od og\u0142oszenia upad\u0142o\u015bci. Przebudzenie przyni\u00f3s\u0142 mu przemys\u0142 filmowy, kt\u00f3ry wykorzysta\u0142 t\u0105 imponuj\u0105c\u0105 budowl\u0119&nbsp; w czasie kr\u0119cenia s\u0142ynnego filmu \u201eThe Grand Budapest Hotel\u201c.<\/p>\n\n\n\n<p>Nabywaj\u0105c ten budynek mieli\u015bmy na celu udost\u0119pnienie go ponownie mieszkancom dwunarodowego Europamiasta. G\u00f6rlitz dzi\u015b nie jest tylko miastem granicznym lecz sta\u0142o si\u0119 punktem centralnym bardzo dynamicznie rozwijaj\u0105cego si\u0119 regionu europejskiego. Nie ma ju\u017c granicy, ani kontroli celnych, i ju\u017c wkr\u00f3tce wielu Polak\u00f3w ze \u015al\u0105ska, a tak\u017ce dalszych okolic zawita do G\u00f6rlitz w celu robienia eleganckich zakup\u00f3w.<\/p>\n\n\n\n<p>Doskonale wiemy, \u017ce Polki przywi\u0105zuj\u0105 uwag\u0119 do towar\u00f3w dobrej jako\u015bci, &nbsp;s\u0105 zorientowane w markach \u015bwiatowej klasy oraz wydaj\u0105 coraz wi\u0119ksze sumy na zakupy. Macie wi\u0119c Pa\u0144stwo szans\u0119 sprzeda\u017cy swoich towar\u00f3w nie tylko dla Niemcom, ale r\u00f3wnie\u017c &nbsp;Polakom i innym mieszka\u0144com regionu. Skorzystajcie wi\u0119c z mo\u017cliwosci wynajmu powierzchni handlowej w naszym obiekcie i otw\u00f3rzcie swoje stoisko, zanim najlepsze miejsca zostan\u0105 wynaj\u0119te. Tym przyczynicie si\u0119 r\u00f3wnie\u017c do o\u017cywienia tej &nbsp;architektonicznej per\u0142y.<\/p>\n\n\n\n<p>Je\u017celi jeste\u015bcie Pa\u0144stwo zainteresowani, zapraszamy do kontaktu z nami. Jeste\u015bmy przekonani, \u017ce po obejrzeniu naszego obiektu b\u0119dziecie Pa\u0144stwo urzeczeni jego urokiem.<\/p>\n\n\n\n<p>\u0141\u0105czymy pozdrowienia,<\/p>\n","protected":false},"excerpt":{"rendered":"<p>Nowy&nbsp;dom handlowy-skorzystajcie z okazji i otw\u00f3rzcie swoje w\u0142asne stoisko handlowe&nbsp;w G\u00f6rlitz Na terenie wschodniej Saksonii, w samym sercu miasta G\u00f6rlitz, znajduje si\u0119 jeden z najpi\u0119kniejszych dom\u00f3w towarowych na \u015bwiecie. Zosta\u0142 zbudowany przed stu laty na wz\u00f3r \u00f3wczesnego s\u0142ynnego domu handlowego \u201eWertheim\u201c w Berlinie. Przez ca\u0142e lata stanowi\u0142 chlub\u0119 miasta G\u00f6rlitz urzekaj\u0105c swym urokiem&nbsp; ca\u0142y \u015alask [&hellip;]<\/p>\n","protected":false},"author":5,"featured_media":0,"parent":0,"menu_order":0,"comment_status":"closed","ping_status":"closed","template":"","meta":{"ocean_post_layout":"right-sidebar","ocean_both_sidebars_style":"","ocean_both_sidebars_content_width":0,"ocean_both_sidebars_sidebars_width":0,"ocean_sidebar":"0","ocean_second_sidebar":"0","ocean_disable_margins":"enable","ocean_add_body_class":"","ocean_shortcode_before_top_bar":"","ocean_shortcode_after_top_bar":"","ocean_shortcode_before_header":"","ocean_shortcode_after_header":"","ocean_has_shortcode":"","ocean_shortcode_after_title":"","ocean_shortcode_before_footer_widgets":"","ocean_shortcode_after_footer_widgets":"","ocean_shortcode_before_footer_bottom":"","ocean_shortcode_after_footer_bottom":"","ocean_display_top_bar":"default","ocean_display_header":"default","ocean_header_style":"","ocean_center_header_left_menu":"0","ocean_custom_header_template":"0","ocean_custom_logo":0,"ocean_custom_retina_logo":0,"ocean_custom_logo_max_width":0,"ocean_custom_logo_tablet_max_width":0,"ocean_custom_logo_mobile_max_width":0,"ocean_custom_logo_max_height":0,"ocean_custom_logo_tablet_max_height":0,"ocean_custom_logo_mobile_max_height":0,"ocean_header_custom_menu":"0","ocean_menu_typo_font_family":"0","ocean_menu_typo_font_subset":"","ocean_menu_typo_font_size":0,"ocean_menu_typo_font_size_tablet":0,"ocean_menu_typo_font_size_mobile":0,"ocean_menu_typo_font_size_unit":"px","ocean_menu_typo_font_weight":"","ocean_menu_typo_font_weight_tablet":"","ocean_menu_typo_font_weight_mobile":"","ocean_menu_typo_transform":"","ocean_menu_typo_transform_tablet":"","ocean_menu_typo_transform_mobile":"","ocean_menu_typo_line_height":0,"ocean_menu_typo_line_height_tablet":0,"ocean_menu_typo_line_height_mobile":0,"ocean_menu_typo_line_height_unit":"","ocean_menu_typo_spacing":0,"ocean_menu_typo_spacing_tablet":0,"ocean_menu_typo_spacing_mobile":0,"ocean_menu_typo_spacing_unit":"","ocean_menu_link_color":"","ocean_menu_link_color_hover":"","ocean_menu_link_color_active":"","ocean_menu_link_background":"","ocean_menu_link_hover_background":"","ocean_menu_link_active_background":"","ocean_menu_social_links_bg":"","ocean_menu_social_hover_links_bg":"","ocean_menu_social_links_color":"","ocean_menu_social_hover_links_color":"","ocean_disable_title":"default","ocean_disable_heading":"default","ocean_post_title":"","ocean_post_subheading":"","ocean_post_title_style":"","ocean_post_title_background_color":"","ocean_post_title_background":0,"ocean_post_title_bg_image_position":"","ocean_post_title_bg_image_attachment":"","ocean_post_title_bg_image_repeat":"","ocean_post_title_bg_image_size":"","ocean_post_title_height":0,"ocean_post_title_bg_overlay":0.5,"ocean_post_title_bg_overlay_color":"","ocean_disable_breadcrumbs":"default","ocean_breadcrumbs_color":"","ocean_breadcrumbs_separator_color":"","ocean_breadcrumbs_links_color":"","ocean_breadcrumbs_links_hover_color":"","ocean_display_footer_widgets":"default","ocean_display_footer_bottom":"default","ocean_custom_footer_template":"0","footnotes":""},"class_list":["post-37","page","type-page","status-publish","hentry","entry"],"_links":{"self":[{"href":"https:\/\/kaufhaus-goerlitz.eu\/pl\/wp-json\/wp\/v2\/pages\/37","targetHints":{"allow":["GET"]}}],"collection":[{"href":"https:\/\/kaufhaus-goerlitz.eu\/pl\/wp-json\/wp\/v2\/pages"}],"about":[{"href":"https:\/\/kaufhaus-goerlitz.eu\/pl\/wp-json\/wp\/v2\/types\/page"}],"author":[{"embeddable":true,"href":"https:\/\/kaufhaus-goerlitz.eu\/pl\/wp-json\/wp\/v2\/users\/5"}],"replies":[{"embeddable":true,"href":"https:\/\/kaufhaus-goerlitz.eu\/pl\/wp-json\/wp\/v2\/comments?post=37"}],"version-history":[{"count":3,"href":"https:\/\/kaufhaus-goerlitz.eu\/pl\/wp-json\/wp\/v2\/pages\/37\/revisions"}],"predecessor-version":[{"id":182,"href":"https:\/\/kaufhaus-goerlitz.eu\/pl\/wp-json\/wp\/v2\/pages\/37\/revisions\/182"}],"wp:attachment":[{"href":"https:\/\/kaufhaus-goerlitz.eu\/pl\/wp-json\/wp\/v2\/media?parent=37"}],"curies":[{"name":"wp","href":"https:\/\/api.w.org\/{rel}","templated":true}]}}